{"id":69,"date":"2017-04-29T20:16:28","date_gmt":"2017-04-29T20:16:28","guid":{"rendered":"https:\/\/zzttkft.hu\/?page_id=69"},"modified":"2024-03-13T15:00:56","modified_gmt":"2024-03-13T15:00:56","slug":"fooldal-2","status":"publish","type":"page","link":"https:\/\/zzttkft.hu\/en\/","title":{"rendered":"Home"},"content":{"rendered":"<div class=\"wpb-content-wrapper\"><p>[vc_row el_id=&#8221;rolunk&#8221; css=&#8221;.vc_custom_1494339443100{padding-top: 50px !important;padding-bottom: 30px !important;}&#8221;][vc_column][vc_column_text]<\/p>\n<h2 style=\"text-align: center;\">About us<\/h2>\n<p style=\"text-align: center;\">Established in 2018 to continue an inherited family business, our company has been engaged in all segments of logistics.<\/p>\n<p style=\"text-align: center;\">We started off with road transport, only to expand later, as a response to our customers\u2019 needs, to provide road FCL\/FTL and LCL\/LTL freight shipping, and then every possible option of road freight forwarding. With many of our customers insisting on having their cargo delivered through our services, we\u2019ve introduced sea freight, air freight, and also warehousing into our business. We are a family business. Accordingly, our work processes are transparent and easy to follow for you. Our goal is to do our best to meet all your requests as precisely and economically as possible.<\/p>\n<p>[\/vc_column_text][\/vc_column][\/vc_row][vc_row full_width=&#8221;stretch_row&#8221; full_height=&#8221;yes&#8221; css=&#8221;.vc_custom_1703856080493{background-image: url(https:\/\/zzttkft.hu\/wp-content\/uploads\/2023\/12\/tengeri-szallitas.jpg?id=140) !important;}&#8221; el_class=&#8221;szolg&#8221;][vc_column width=&#8221;1\/2&#8243;][vc_column_text css_animation=&#8221;fadeInLeft&#8221;]<\/p>\n<h2 style=\"text-align: center;\"><img loading=\"lazy\" decoding=\"async\" class=\"size-full wp-image-159 aligncenter\" src=\"https:\/\/zzttkft.hu\/wp-content\/uploads\/2023\/12\/icon-tengeri.png\" alt=\"\" width=\"200\" height=\"200\" srcset=\"https:\/\/zzttkft.hu\/wp-content\/uploads\/2023\/12\/icon-tengeri.png 200w, https:\/\/zzttkft.hu\/wp-content\/uploads\/2023\/12\/icon-tengeri-150x150.png 150w, https:\/\/zzttkft.hu\/wp-content\/uploads\/2023\/12\/icon-tengeri-146x146.png 146w, https:\/\/zzttkft.hu\/wp-content\/uploads\/2023\/12\/icon-tengeri-50x50.png 50w, https:\/\/zzttkft.hu\/wp-content\/uploads\/2023\/12\/icon-tengeri-75x75.png 75w, https:\/\/zzttkft.hu\/wp-content\/uploads\/2023\/12\/icon-tengeri-85x85.png 85w, https:\/\/zzttkft.hu\/wp-content\/uploads\/2023\/12\/icon-tengeri-80x80.png 80w\" sizes=\"auto, (max-width: 200px) 100vw, 200px\" \/><\/h2>\n<h2 style=\"text-align: center;\">Shipping in the blue seas of our blue planet<\/h2>\n<h3 class=\"Textbody\" style=\"text-align: center;\">It is the most economical mode of transport in terms of distance and costs.<\/h3>\n<p style=\"text-align: center;\">Typically includes longer transit times but high cost-effectiveness.<\/p>\n<p style=\"text-align: center;\">If your goods are not particularly sensitive to delivery times but they are sensitive, due to their nature, to high shipping costs, your top choice should be sea freight.<\/p>\n<p>[\/vc_column_text][\/vc_column][vc_column width=&#8221;1\/2&#8243;][\/vc_column][\/vc_row][vc_row full_width=&#8221;stretch_row&#8221; full_height=&#8221;yes&#8221; el_class=&#8221;szolg&#8221; css=&#8221;.vc_custom_1703856137296{background-image: url(https:\/\/zzttkft.hu\/wp-content\/uploads\/2023\/12\/legi-szallitas.jpg?id=139) !important;}&#8221;][vc_column width=&#8221;1\/2&#8243;][\/vc_column][vc_column width=&#8221;1\/2&#8243;][vc_column_text css_animation=&#8221;fadeInRight&#8221;]<\/p>\n<h2 style=\"text-align: center;\"><img loading=\"lazy\" decoding=\"async\" class=\"size-full wp-image-157 aligncenter\" src=\"https:\/\/zzttkft.hu\/wp-content\/uploads\/2023\/12\/icon-legi.png\" alt=\"\" width=\"200\" height=\"200\" srcset=\"https:\/\/zzttkft.hu\/wp-content\/uploads\/2023\/12\/icon-legi.png 200w, https:\/\/zzttkft.hu\/wp-content\/uploads\/2023\/12\/icon-legi-150x150.png 150w, https:\/\/zzttkft.hu\/wp-content\/uploads\/2023\/12\/icon-legi-146x146.png 146w, https:\/\/zzttkft.hu\/wp-content\/uploads\/2023\/12\/icon-legi-50x50.png 50w, https:\/\/zzttkft.hu\/wp-content\/uploads\/2023\/12\/icon-legi-75x75.png 75w, https:\/\/zzttkft.hu\/wp-content\/uploads\/2023\/12\/icon-legi-85x85.png 85w, https:\/\/zzttkft.hu\/wp-content\/uploads\/2023\/12\/icon-legi-80x80.png 80w\" sizes=\"auto, (max-width: 200px) 100vw, 200px\" \/><\/h2>\n<h3 style=\"text-align: center;\"><strong>AIR FREIGHT<\/strong><\/h3>\n<p style=\"text-align: center;\">The fastest mode of transportation.<\/p>\n<p style=\"text-align: center;\">Due to faster turnover rates in world trade, more businesses nowadays seek out air freight.<\/p>\n<p class=\"v1MsoNormal\" style=\"text-align: center;\">We have an agency relationship with all the airlines present in the market and use the cargo capacity of both passenger and cargo planes.<\/p>\n<p>[\/vc_column_text][\/vc_column][\/vc_row][vc_row full_width=&#8221;stretch_row&#8221; full_height=&#8221;yes&#8221; el_class=&#8221;szolg&#8221; css=&#8221;.vc_custom_1703856657195{background-image: url(https:\/\/zzttkft.hu\/wp-content\/uploads\/2023\/12\/raktarozas.jpg?id=144) !important;}&#8221;][vc_column width=&#8221;1\/2&#8243;][vc_column_text css_animation=&#8221;fadeInLeft&#8221;]<\/p>\n<h2 style=\"text-align: center;\"><img loading=\"lazy\" decoding=\"async\" class=\"alignnone size-full wp-image-161\" src=\"https:\/\/zzttkft.hu\/wp-content\/uploads\/2023\/12\/icon-raktarozas.png\" alt=\"\" width=\"200\" height=\"200\" srcset=\"https:\/\/zzttkft.hu\/wp-content\/uploads\/2023\/12\/icon-raktarozas.png 200w, https:\/\/zzttkft.hu\/wp-content\/uploads\/2023\/12\/icon-raktarozas-150x150.png 150w, https:\/\/zzttkft.hu\/wp-content\/uploads\/2023\/12\/icon-raktarozas-146x146.png 146w, https:\/\/zzttkft.hu\/wp-content\/uploads\/2023\/12\/icon-raktarozas-50x50.png 50w, https:\/\/zzttkft.hu\/wp-content\/uploads\/2023\/12\/icon-raktarozas-75x75.png 75w, https:\/\/zzttkft.hu\/wp-content\/uploads\/2023\/12\/icon-raktarozas-85x85.png 85w, https:\/\/zzttkft.hu\/wp-content\/uploads\/2023\/12\/icon-raktarozas-80x80.png 80w\" sizes=\"auto, (max-width: 200px) 100vw, 200px\" \/><\/h2>\n<h2 class=\"Standard\" style=\"text-align: center;\"><strong>ROAD TRANSPORT<\/strong><\/h2>\n<p style=\"text-align: center;\">Road transport is the most popular form of freight shipping in Hungary. It has become widespread mainly because its door-to-door delivery is most convenient for both the sender and the consignee. It is least influenced by the state of a country\u2019s infrastructure. We use our own fleet and are cooperating with a qualified network of hauliers to perform the transportation jobs at hand.<\/p>\n<p>[\/vc_column_text][\/vc_column][vc_column width=&#8221;1\/2&#8243;][\/vc_column][\/vc_row][vc_row full_width=&#8221;stretch_row&#8221; full_height=&#8221;yes&#8221; el_class=&#8221;szolg&#8221; css=&#8221;.vc_custom_1703856667339{background-image: url(https:\/\/zzttkft.hu\/wp-content\/uploads\/2023\/12\/vamolas.jpg?id=145) !important;}&#8221;][vc_column width=&#8221;1\/2&#8243;][\/vc_column][vc_column width=&#8221;1\/2&#8243;][vc_column_text css_animation=&#8221;fadeInRight&#8221;]<\/p>\n<h2 style=\"text-align: center;\"><img loading=\"lazy\" decoding=\"async\" class=\"alignnone size-full wp-image-162\" src=\"https:\/\/zzttkft.hu\/wp-content\/uploads\/2023\/12\/icon-vam.png\" alt=\"\" width=\"200\" height=\"200\" srcset=\"https:\/\/zzttkft.hu\/wp-content\/uploads\/2023\/12\/icon-vam.png 200w, https:\/\/zzttkft.hu\/wp-content\/uploads\/2023\/12\/icon-vam-150x150.png 150w, https:\/\/zzttkft.hu\/wp-content\/uploads\/2023\/12\/icon-vam-146x146.png 146w, https:\/\/zzttkft.hu\/wp-content\/uploads\/2023\/12\/icon-vam-50x50.png 50w, https:\/\/zzttkft.hu\/wp-content\/uploads\/2023\/12\/icon-vam-75x75.png 75w, https:\/\/zzttkft.hu\/wp-content\/uploads\/2023\/12\/icon-vam-85x85.png 85w, https:\/\/zzttkft.hu\/wp-content\/uploads\/2023\/12\/icon-vam-80x80.png 80w\" sizes=\"auto, (max-width: 200px) 100vw, 200px\" \/><\/h2>\n<h2 style=\"text-align: center;\">Customs clearance<\/h2>\n<h3 style=\"text-align: center;\">Full-scale export-import procedures<\/h3>\n<p style=\"text-align: center;\">We can offer you maximum cost-efficiency and an absolute logistics approach if you choose us to run the customs clearance of your goods to be exported or imported. Customs clearance takes place in Cargo City, Budapest Airport. Immediate proximity of the customs office and our history of excellent cooperation with them ensure smooth administration and a solution-oriented attitude from the beginning of the procedure to the last dot on the paperwork.<\/p>\n<p>[\/vc_column_text][\/vc_column][\/vc_row][vc_row][vc_column][vc_column_text]<\/p>\n<h2 style=\"text-align: center;\">Partners<\/h2>\n<p>[\/vc_column_text][\/vc_column][\/vc_row][vc_row el_class=&#8221;partnerek&#8221;][vc_column width=&#8221;1\/5&#8243;][vc_single_image image=&#8221;221&#8243; img_size=&#8221;full&#8221; alignment=&#8221;center&#8221;][vc_column_text el_class=&#8221;fel35&#8243;]<\/p>\n<p style=\"text-align: center;\"><em>A 100% reliable, true long-term partner. Nothing\u2019s impossible for them. Extremely experienced.\u2019<\/em><\/p>\n<p>[\/vc_column_text][\/vc_column][vc_column width=&#8221;1\/5&#8243;][vc_single_image image=&#8221;219&#8243; img_size=&#8221;full&#8221; alignment=&#8221;center&#8221;][vc_column_text el_class=&#8221;fel35&#8243;]<\/p>\n<p style=\"text-align: center;\"><em>&#8216;Zozo Trans Kft have been conducting transportation jobs for our company in Norway for years. In addition to their professional administration, their easy communication, constant availability, and reliability are also important for us. We always choose Zozo Trans Kft.&#8221;<\/em><\/p>\n<p>[\/vc_column_text][\/vc_column][vc_column width=&#8221;1\/5&#8243;][vc_single_image image=&#8221;216&#8243; img_size=&#8221;full&#8221; alignment=&#8221;center&#8221;][vc_column_text el_class=&#8221;fel35&#8243;]<\/p>\n<p style=\"text-align: center;\"><em>&#8216;Our firm, Axin Origo Kft is distributing and installing certified outdoor toys and building playgrounds all over the country, thus it was paramount for us to find a forwarding company that is attentive, precise, reliable and \u2018takes care of the goods\u2019. I can only recommend them!<\/em><\/p>\n<p>[\/vc_column_text][\/vc_column][vc_column width=&#8221;1\/5&#8243;][vc_single_image image=&#8221;222&#8243; img_size=&#8221;full&#8221; alignment=&#8221;center&#8221;][vc_column_text el_class=&#8221;fel35&#8243;]<\/p>\n<p style=\"text-align: center;\"><em>&#8216;Their flexible and precise work facilitates efficient delivery to us every single time, thus the Zozo Team Trans team have greatly contributed to our company\u2019s successful operation.\u2019<\/em><\/p>\n<p>[\/vc_column_text][\/vc_column][vc_column width=&#8221;1\/5&#8243;][vc_single_image image=&#8221;228&#8243; img_size=&#8221;full&#8221; alignment=&#8221;center&#8221;][vc_column_text el_class=&#8221;fel35&#8243;]<\/p>\n<p style=\"text-align: center;\"><em>&#8216;We\u2019re immensely satisfied with their services \u2013 always performed as agreed and at reasonable prices. Typically, our transportation needs emerge rather suddenly but they&#8217;re always there with their flexibility and cooperation to fulfill them.<\/em><\/p>\n<p>[\/vc_column_text][\/vc_column][\/vc_row][vc_row el_class=&#8221;partnerek&#8221;][vc_column width=&#8221;1\/5&#8243;][vc_single_image image=&#8221;230&#8243; img_size=&#8221;full&#8221; alignment=&#8221;center&#8221;][vc_column_text el_class=&#8221;fel35&#8243;]<\/p>\n<p style=\"text-align: center;\"><em>&#8216;Zozo Team Trans were extremely fast and precise in delivering the ornamental plants ordered for our work. Thank you! The <\/em><em>Mesterkert \u00e9s Webs\u00f6v\u00e9ny team\u2019<\/em><\/p>\n<p>[\/vc_column_text][\/vc_column][vc_column width=&#8221;1\/5&#8243;][vc_single_image image=&#8221;220&#8243; img_size=&#8221;full&#8221; alignment=&#8221;center&#8221;][\/vc_column][vc_column width=&#8221;1\/5&#8243;][vc_single_image image=&#8221;218&#8243; img_size=&#8221;full&#8221; alignment=&#8221;center&#8221;][\/vc_column][vc_column width=&#8221;1\/5&#8243;][vc_single_image image=&#8221;217&#8243; img_size=&#8221;full&#8221; alignment=&#8221;center&#8221;][\/vc_column][vc_column width=&#8221;1\/5&#8243;][vc_single_image image=&#8221;223&#8243; img_size=&#8221;full&#8221; alignment=&#8221;center&#8221;][vc_column_text el_class=&#8221;fel35&#8243;]<\/p>\n<p style=\"text-align: center;\"><em>\u2018Fast and flexible! With Zozo Teams the goods will be delivered, no matter what!\u2019<\/em><\/p>\n<p style=\"text-align: center;\"><em>\u00a0<\/em><\/p>\n<p>[\/vc_column_text][\/vc_column][\/vc_row][vc_row full_width=&#8221;stretch_row&#8221; bg_type=&#8221;image&#8221; parallax_style=&#8221;vcpb-vz-jquery&#8221; bg_image_new=&#8221;id^154|url^https:\/\/zzttkft.hu\/wp-content\/uploads\/2023\/12\/urlap-1.jpg|caption^null|alt^null|title^urlap|description^null&#8221; bg_img_attach=&#8221;fixed&#8221;][vc_column][vc_row_inner][vc_column_inner][vc_column_text el_class=&#8221;kapcs&#8221;]<\/p>\n<h2 style=\"text-align: center;\">Contact us!<\/h2>\n<p>[\/vc_column_text][\/vc_column_inner][\/vc_row_inner][vc_row_inner][vc_column_inner width=&#8221;1\/4&#8243;][\/vc_column_inner][vc_column_inner width=&#8221;1\/2&#8243;]\n<div class=\"wpcf7 no-js\" id=\"wpcf7-f88-o1\" lang=\"hu-HU\" dir=\"ltr\" data-wpcf7-id=\"88\">\n<div class=\"screen-reader-response\"><p role=\"status\" aria-live=\"polite\" aria-atomic=\"true\"><\/p> <ul><\/ul><\/div>\n<form action=\"\/en\/wp-json\/wp\/v2\/pages\/69#wpcf7-f88-o1\" method=\"post\" class=\"wpcf7-form init\" aria-label=\"Kapcsolatfelv\u00e9teli \u0171rlap\" novalidate=\"novalidate\" data-status=\"init\">\n<div style=\"display: none;\">\n<input type=\"hidden\" name=\"_wpcf7\" value=\"88\" \/>\n<input type=\"hidden\" name=\"_wpcf7_version\" value=\"6.0.6\" \/>\n<input type=\"hidden\" name=\"_wpcf7_locale\" value=\"hu_HU\" \/>\n<input type=\"hidden\" name=\"_wpcf7_unit_tag\" value=\"wpcf7-f88-o1\" \/>\n<input type=\"hidden\" name=\"_wpcf7_container_post\" value=\"0\" \/>\n<input type=\"hidden\" name=\"_wpcf7_posted_data_hash\" value=\"\" \/>\n<\/div>\n<div class=\"column one-second\">\n\t<p><span class=\"wpcf7-form-control-wrap\" data-name=\"your-name\"><input size=\"40\" maxlength=\"400\" class=\"wpcf7-form-control wpcf7-text wpcf7-validates-as-required\" aria-required=\"true\" aria-invalid=\"false\" placeholder=\"Name\" value=\"\" type=\"text\" name=\"your-name\" \/><\/span>\n\t<\/p>\n<\/div>\n<div class=\"column one-second\">\n\t<p><span class=\"wpcf7-form-control-wrap\" data-name=\"your-email\"><input size=\"40\" maxlength=\"400\" class=\"wpcf7-form-control wpcf7-email wpcf7-text wpcf7-validates-as-email\" aria-invalid=\"false\" placeholder=\"E-mail\" value=\"\" type=\"email\" name=\"your-email\" \/><\/span>\n\t<\/p>\n<\/div>\n<div class=\"column one-second\">\n\t<p><span class=\"wpcf7-form-control-wrap\" data-name=\"your-phone\"><input size=\"40\" maxlength=\"400\" class=\"wpcf7-form-control wpcf7-text wpcf7-validates-as-required\" aria-required=\"true\" aria-invalid=\"false\" placeholder=\"Phone\" value=\"\" type=\"text\" name=\"your-phone\" \/><\/span>\n\t<\/p>\n<\/div>\n<div class=\"column one-second\">\n\t<p><span class=\"wpcf7-form-control-wrap\" data-name=\"your-subject\"><input size=\"40\" maxlength=\"400\" class=\"wpcf7-form-control wpcf7-text\" aria-invalid=\"false\" placeholder=\"Subject\" value=\"\" type=\"text\" name=\"your-subject\" \/><\/span>\n\t<\/p>\n<\/div>\n<div class=\"column one\">\n\t<p><span class=\"wpcf7-form-control-wrap\" data-name=\"your-message\"><textarea cols=\"40\" rows=\"10\" maxlength=\"2000\" class=\"wpcf7-form-control wpcf7-textarea wpcf7-validates-as-required\" aria-required=\"true\" aria-invalid=\"false\" placeholder=\"Message\" name=\"your-message\"><\/textarea><\/span>\n\t<\/p>\n<\/div>\n<div class=\"column one\">\n\t<p><input class=\"wpcf7-form-control wpcf7-submit has-spinner\" type=\"submit\" value=\"Send\" \/>\n\t<\/p>\n<\/div><div class=\"wpcf7-response-output\" aria-hidden=\"true\"><\/div>\n<\/form>\n<\/div>\n[\/vc_column_inner][vc_column_inner width=&#8221;1\/4&#8243;][\/vc_column_inner][\/vc_row_inner][\/vc_column][\/vc_row]<\/p>\n<\/div>","protected":false},"excerpt":{"rendered":"<p>[vc_row el_id=&#8221;rolunk&#8221; css=&#8221;.vc_custom_1494339443100{padding-top: 50px !important;padding-bottom: 30px !important;}&#8221;][vc_column][vc_column_text] About us Established in 2018 to continue an inherited family business, our company has been engaged in all segments<span class=\"excerpt-hellip\"> [\u2026]<\/span><\/p>\n","protected":false},"author":1,"featured_media":0,"parent":0,"menu_order":0,"comment_status":"closed","ping_status":"closed","template":"","meta":{"footnotes":""},"class_list":["post-69","page","type-page","status-publish","hentry"],"_links":{"self":[{"href":"https:\/\/zzttkft.hu\/en\/wp-json\/wp\/v2\/pages\/69","targetHints":{"allow":["GET"]}}],"collection":[{"href":"https:\/\/zzttkft.hu\/en\/wp-json\/wp\/v2\/pages"}],"about":[{"href":"https:\/\/zzttkft.hu\/en\/wp-json\/wp\/v2\/types\/page"}],"author":[{"embeddable":true,"href":"https:\/\/zzttkft.hu\/en\/wp-json\/wp\/v2\/users\/1"}],"replies":[{"embeddable":true,"href":"https:\/\/zzttkft.hu\/en\/wp-json\/wp\/v2\/comments?post=69"}],"version-history":[{"count":9,"href":"https:\/\/zzttkft.hu\/en\/wp-json\/wp\/v2\/pages\/69\/revisions"}],"predecessor-version":[{"id":266,"href":"https:\/\/zzttkft.hu\/en\/wp-json\/wp\/v2\/pages\/69\/revisions\/266"}],"wp:attachment":[{"href":"https:\/\/zzttkft.hu\/en\/wp-json\/wp\/v2\/media?parent=69"}],"curies":[{"name":"wp","href":"https:\/\/api.w.org\/{rel}","templated":true}]}}